{"id":3,"date":"2022-10-29T11:59:13","date_gmt":"2022-10-29T09:59:13","guid":{"rendered":"http:\/\/floramessence.com\/?page_id=3"},"modified":"2024-09-02T15:42:44","modified_gmt":"2024-09-02T13:42:44","slug":"politique-de-confidentialite","status":"publish","type":"page","link":"https:\/\/floramessence.com\/index.php\/politique-de-confidentialite\/","title":{"rendered":"Politique de confidentialit\u00e9"},"content":{"rendered":"<p>[et_pb_section fb_built=\u00a0\u00bb1&Prime; _builder_version=\u00a0\u00bb4.16&Prime; _module_preset=\u00a0\u00bbdefault\u00a0\u00bb background_color=\u00a0\u00bb#A94090&Prime; custom_padding=\u00a0\u00bb3px||0px|||\u00a0\u00bb global_colors_info=\u00a0\u00bb{}\u00a0\u00bb][et_pb_row _builder_version=\u00a0\u00bb4.16&Prime; _module_preset=\u00a0\u00bbdefault\u00a0\u00bb custom_padding=\u00a0\u00bb||3px|||\u00a0\u00bb global_colors_info=\u00a0\u00bb{}\u00a0\u00bb][et_pb_column type=\u00a0\u00bb4_4&Prime; _builder_version=\u00a0\u00bb4.16&Prime; _module_preset=\u00a0\u00bbdefault\u00a0\u00bb global_colors_info=\u00a0\u00bb{}\u00a0\u00bb][et_pb_cta title=\u00a0\u00bbPolitique de confidentialit\u00e9\u00a0\u00bb _builder_version=\u00a0\u00bb4.16&Prime; _module_preset=\u00a0\u00bbdefault\u00a0\u00bb header_level=\u00a0\u00bbh1&Prime; header_text_color=\u00a0\u00bb#FFFFFF\u00a0\u00bb background_enable_color=\u00a0\u00bboff\u00a0\u00bb custom_padding=\u00a0\u00bb||24px|||\u00a0\u00bb global_colors_info=\u00a0\u00bb{}\u00a0\u00bb][\/et_pb_cta][\/et_pb_column][\/et_pb_row][\/et_pb_section][et_pb_section fb_built=\u00a0\u00bb1&Prime; _builder_version=\u00a0\u00bb4.16&Prime; _module_preset=\u00a0\u00bbdefault\u00a0\u00bb custom_padding=\u00a0\u00bb5px||4px|||\u00a0\u00bb global_colors_info=\u00a0\u00bb{}\u00a0\u00bb][et_pb_row _builder_version=\u00a0\u00bb4.16&Prime; _module_preset=\u00a0\u00bbdefault\u00a0\u00bb global_colors_info=\u00a0\u00bb{}\u00a0\u00bb][et_pb_column type=\u00a0\u00bb4_4&Prime; _builder_version=\u00a0\u00bb4.16&Prime; _module_preset=\u00a0\u00bbdefault\u00a0\u00bb global_colors_info=\u00a0\u00bb{}\u00a0\u00bb][et_pb_text _builder_version=\u00a0\u00bb4.16&Prime; _module_preset=\u00a0\u00bbdefault\u00a0\u00bb global_colors_info=\u00a0\u00bb{}\u00a0\u00bb]<\/p>\n<p>Floramessence consid\u00e8re que les donn\u00e9es personnelles et la vie priv\u00e9e des visiteurs de son site internet sont importantes. La politique de confidentialit\u00e9 donne des informations sur les donn\u00e9es que nous collectons, leur dur\u00e9e de stockage, ainsi que la mani\u00e8re dont nous les prot\u00e9geons. Cette politique de confidentialit\u00e9 compl\u00e8te les <strong><a href=\"mentions-legales-et-conditions-generales-dutilisation\">Mentions l\u00e9gales et les Conditions G\u00e9n\u00e9rales d\u2019Utilisation<\/a><\/strong>. Nous vous invitons \u00e0 en prendre connaissance.<\/p>\n<p>Pour en savoir plus, nous vous invitons \u00e0 lire le R\u00e8glement europ\u00e9en 2016\/679. L\u2019\u00e9diteur du site se r\u00e9serve le droit de modifier cette politique de confidentialit\u00e9 afin de garantir sa conformit\u00e9 avec le droit en vigueur. Nous vous invitons donc \u00e0 venir la consulter r\u00e9guli\u00e8rement.<\/p>\n<h2><span style=\"color: #a94090;\">Que sont les donn\u00e9es personnelles ?<\/span><\/h2>\n<p>Les donn\u00e9es personnelles permettent d\u2019identifier un utilisateur. Il s\u2019agit par exemple du pr\u00e9nom, du nom, de l\u2019\u00e2ge, de l\u2019adresse postale, l\u2019adresse mail, la localisation, l\u2019adresse IP ou autre donn\u00e9es sp\u00e9cifiques \u00e0 une personne physique.<\/p>\n<h2><span style=\"color: #a94090;\">Donn\u00e9es collect\u00e9es et trait\u00e9es<\/span><\/h2>\n<p>L\u2019objectif de la collecte des donn\u00e9es pour Floramessence est de vous proposer une r\u00e9ponse adapt\u00e9e \u00e0 votre recherche, vos besoins et vos demandes. Sur ce site, vos donn\u00e9es personnelles peuvent \u00eatre collect\u00e9es directement lorsque vous remplissez le formulaire de contact afin de pouvoir r\u00e9pondre \u00e0 votre demande. Vous pouvez donner ou non votre consentement au moyen d\u2019une case \u00e0 cocher et demander \u00e0 tout moment de faire valoir vos droits d\u2019acc\u00e8s, de rectification ou d\u2019effacement en nous contactant. Les donn\u00e9es des personnes inactives depuis 36 mois seront supprim\u00e9es de la base de donn\u00e9es. Nous collectons et traitons \u00e9galement vos donn\u00e9es dans le cadre de nos activit\u00e9s. La conservation de donn\u00e9es personnelles \u00e0 but comptable est de 10 ans. Ces donn\u00e9es personnelles seront conserv\u00e9es dans les syst\u00e8mes informatiques de Floramessence par le responsable du traitement, Flora Granger, dans des conditions raisonnables de s\u00e9curit\u00e9. Vos donn\u00e9es personnelles peuvent aussi \u00eatre collect\u00e9es indirectement lors de votre navigation sur le site via les cookies. Cela permet \u00e0 Floramessence de recueillir des informations telles que le nombre de visiteurs, les pages consult\u00e9es ou encore le lieu depuis lequel le site a \u00e9t\u00e9 visit\u00e9 afin d\u2019am\u00e9liorer le site et ses services. Vous pouvez accepter ou refuser la collecte de ces donn\u00e9es en cliquant sur \u00ab j\u2019accepte \u00bb ou \u00ab je n\u2019accepte pas \u00bb sur le bandeau qui s\u2019affiche en haut, lorsque vous arrivez sur le site. Ces donn\u00e9es pourront \u00eatre utilis\u00e9es pendant 12 mois. Pass\u00e9 ce d\u00e9lai, Floramessence vous redemandera votre consentement, vous verrez \u00e0 nouveau le bandeau s\u2019afficher.<\/p>\n<h2><span style=\"color: #a94090;\">Responsable du traitement des donn\u00e9es<\/span><\/h2>\n<p>Le responsable du traitement des donn\u00e9es \u00e0 caract\u00e8re personnel est <span>Flora Granger<\/span>, vous pouvez la contacter au <span>06 63 68 42 86<\/span> ou via l\u2019adresse <strong><a href=\"mailto:contact@floramessence.com\">contact@floramessence.com<\/a><\/strong><a href=\"mailto:floramessence@gmail.com\"><\/a>. Elle est charg\u00e9e de d\u00e9terminer les finalit\u00e9s et moyens mis au service du traitement des donn\u00e9es \u00e0 caract\u00e8re personnel. Elle s\u2019engage \u00e0 prot\u00e9ger les donn\u00e9es \u00e0 caract\u00e8re personnel collect\u00e9es, \u00e0 ne pas les transmettre \u00e0 des tiers sans que l\u2019utilisateur n\u2019en ait \u00e9t\u00e9 inform\u00e9 et \u00e0 respecter les finalit\u00e9s pour lesquelles ces donn\u00e9es sont collect\u00e9es.<\/p>\n<h2><span style=\"color: #a94090;\">Transmission des donn\u00e9es \u00e0 un tiers<\/span><\/h2>\n<p>Les donn\u00e9es \u00e0 caract\u00e8re personnel collect\u00e9es par le site ne sont transmises \u00e0 aucun tiers et ne sont trait\u00e9es que par l\u2019\u00e9diteur du site.<\/p>\n<h2><span style=\"color: #a94090;\">H\u00e9bergement des donn\u00e9es<\/span><\/h2>\n<p>Le site <span>www.floramessence.com<\/span> est h\u00e9berg\u00e9 par OVH SAS dont le si\u00e8ge est situ\u00e9 2 rue Kellermann 59100 Roubaix. L\u2019h\u00e9bergeur peut \u00eatre contact\u00e9 au 09 72 10 10 07. Les donn\u00e9es collect\u00e9es et trait\u00e9es par le site sont exclusivement h\u00e9berg\u00e9es et trait\u00e9es en France.<\/p>\n<h2><span style=\"color: #a94090;\">Vos droits concernant vos donn\u00e9es<\/span><\/h2>\n<p>Conform\u00e9ment \u00e0 la r\u00e9glementation concernant le traitement des donn\u00e9es \u00e0 caract\u00e8re personnel, l\u2019utilisateur poss\u00e8de le droit de demander l\u2019acc\u00e8s, la rectification ou l\u2019effacement de ces donn\u00e9es personnelles. Afin que le responsable du traitement des donn\u00e9es fasse droit \u00e0 sa demande, l\u2019utilisateur est tenu de communiquer son nom, pr\u00e9nom et adresse e-mail, si cela est pertinent. Le responsable du traitement des donn\u00e9es est tenu de r\u00e9pondre dans un d\u00e9lai de 30 jours.<\/p>\n<h2><span style=\"color: #a94090;\">Cookies<\/span><\/h2>\n<p>Les cookies sont de petits fichiers qui sont stock\u00e9s sur les appareils (ordinateur, tablette, smartphone\u2026) au moment o\u00f9 l\u2019utilisateur acc\u00e8de \u00e0 des sites internet. Ils permettent \u00e0 un site internet de reconna\u00eetre les utilisateurs et de comprendre leur navigation, afin que l\u2019\u00e9diteur puisse avoir acc\u00e8s \u00e0 ces informations pour am\u00e9liorer le site ou la navigation. L\u2019utilisation des cookies n\u00e9cessite le consentement de l\u2019utilisateur et est valide 12 mois sur le site <span>www.floramessence.com<\/span>. A l\u2019issue de cette p\u00e9riode, le site demandera \u00e0 nouveau l\u2019autorisation de l\u2019utilisateur. Il est port\u00e9 \u00e0 la connaissance de l\u2019utilisateur qu\u2019il peut s\u2019opposer \u00e0 l\u2019enregistrement de ces fichiers cookies sur le site ou bien directement en configurant son logiciel de navigation. Dans ce dernier cas, veuillez vous reporter aux instructions de votre navigateur ou \u00e0 l\u2019\u00e9cran d\u2019aide pour en savoir plus sur la fa\u00e7on d\u2019ajuster ou de modifier les param\u00e8tres de votre navigateur. Si l\u2019utilisateur d\u00e9cide de d\u00e9sactiver les fichiers cookies, il pourra poursuivre sa navigation sur le site. N\u00e9anmoins, tout dysfonctionnement du site provoqu\u00e9 par cela ne pourrait \u00eatre consid\u00e9r\u00e9 de la responsabilit\u00e9 de l\u2019\u00e9diteur du site. Notez \u00e9galement que le site int\u00e8gre des boutons vers les r\u00e9seaux sociaux, des fichiers cookies de ces r\u00e9seaux sociaux peuvent par cons\u00e9quent \u00eatre susceptibles d\u2019\u00eatre stock\u00e9s sur l\u2019ordinateur de l\u2019utilisateur lorsqu\u2019il utilise ces fonctionnalit\u00e9s. L\u2019\u00e9diteur du site invite les utilisateurs \u00e0 consulter les politiques de confidentialit\u00e9 et les conditions g\u00e9n\u00e9rales d\u2019utilisation de ces sites.<\/p>\n<p style=\"text-align: left;\">\n<p>[\/et_pb_text][\/et_pb_column][\/et_pb_row][\/et_pb_section]<\/p>\n","protected":false},"excerpt":{"rendered":"<p>Floramessence consid\u00e8re que les donn\u00e9es personnelles et la vie priv\u00e9e des visiteurs de son site internet sont importantes. La politique de confidentialit\u00e9 donne des informations sur les donn\u00e9es que nous collectons, leur dur\u00e9e de stockage, ainsi que la mani\u00e8re dont nous les prot\u00e9geons. Cette politique de confidentialit\u00e9 compl\u00e8te les Mentions l\u00e9gales et les Conditions G\u00e9n\u00e9rales [&hellip;]<\/p>\n","protected":false},"author":1,"featured_media":0,"parent":0,"menu_order":0,"comment_status":"closed","ping_status":"open","template":"","meta":{"_et_pb_use_builder":"on","_et_pb_old_content":"<!-- wp:heading -->\n<h2>Qui sommes-nous&nbsp;?<\/h2>\n<!-- \/wp:heading -->\n\n<!-- wp:paragraph -->\n<p><strong class=\"privacy-policy-tutorial\">Texte sugg\u00e9r\u00e9&nbsp;: <\/strong>L\u2019adresse de notre site est&nbsp;: http:\/\/floramessence.com.<\/p>\n<!-- \/wp:paragraph -->\n\n<!-- wp:heading -->\n<h2>Commentaires<\/h2>\n<!-- \/wp:heading -->\n\n<!-- wp:paragraph -->\n<p><strong class=\"privacy-policy-tutorial\">Texte sugg\u00e9r\u00e9&nbsp;: <\/strong>Quand vous laissez un commentaire sur notre site, les donn\u00e9es inscrites dans le formulaire de commentaire, ainsi que votre adresse IP et l\u2019agent utilisateur de votre navigateur sont collect\u00e9s pour nous aider \u00e0 la d\u00e9tection des commentaires ind\u00e9sirables.<\/p>\n<!-- \/wp:paragraph -->\n\n<!-- wp:paragraph -->\n<p>Une cha\u00eene anonymis\u00e9e cr\u00e9\u00e9e \u00e0 partir de votre adresse e-mail (\u00e9galement appel\u00e9e hash) peut \u00eatre envoy\u00e9e au service Gravatar pour v\u00e9rifier si vous utilisez ce dernier. Les clauses de confidentialit\u00e9 du service Gravatar sont disponibles ici&nbsp;: https:\/\/automattic.com\/privacy\/. Apr\u00e8s validation de votre commentaire, votre photo de profil sera visible publiquement \u00e0 cot\u00e9 de votre commentaire.<\/p>\n<!-- \/wp:paragraph -->\n\n<!-- wp:heading -->\n<h2>M\u00e9dias<\/h2>\n<!-- \/wp:heading -->\n\n<!-- wp:paragraph -->\n<p><strong class=\"privacy-policy-tutorial\">Texte sugg\u00e9r\u00e9&nbsp;: <\/strong>Si vous t\u00e9l\u00e9versez des images sur le site, nous vous conseillons d\u2019\u00e9viter de t\u00e9l\u00e9verser des images contenant des donn\u00e9es EXIF de coordonn\u00e9es GPS. Les personnes visitant votre site peuvent t\u00e9l\u00e9charger et extraire des donn\u00e9es de localisation depuis ces images.<\/p>\n<!-- \/wp:paragraph -->\n\n<!-- wp:heading -->\n<h2>Cookies<\/h2>\n<!-- \/wp:heading -->\n\n<!-- wp:paragraph -->\n<p><strong class=\"privacy-policy-tutorial\">Texte sugg\u00e9r\u00e9&nbsp;: <\/strong>Si vous d\u00e9posez un commentaire sur notre site, il vous sera propos\u00e9 d\u2019enregistrer votre nom, adresse e-mail et site dans des cookies. C\u2019est uniquement pour votre confort afin de ne pas avoir \u00e0 saisir ces informations si vous d\u00e9posez un autre commentaire plus tard. Ces cookies expirent au bout d\u2019un an.<\/p>\n<!-- \/wp:paragraph -->\n\n<!-- wp:paragraph -->\n<p>Si vous vous rendez sur la page de connexion, un cookie temporaire sera cr\u00e9\u00e9 afin de d\u00e9terminer si votre navigateur accepte les cookies. Il ne contient pas de donn\u00e9es personnelles et sera supprim\u00e9 automatiquement \u00e0 la fermeture de votre navigateur.<\/p>\n<!-- \/wp:paragraph -->\n\n<!-- wp:paragraph -->\n<p>Lorsque vous vous connecterez, nous mettrons en place un certain nombre de cookies pour enregistrer vos informations de connexion et vos pr\u00e9f\u00e9rences d\u2019\u00e9cran. La dur\u00e9e de vie d\u2019un cookie de connexion est de deux jours, celle d\u2019un cookie d\u2019option d\u2019\u00e9cran est d\u2019un an. Si vous cochez \u00ab&nbsp;Se souvenir de moi&nbsp;\u00bb, votre cookie de connexion sera conserv\u00e9 pendant deux semaines. Si vous vous d\u00e9connectez de votre compte, le cookie de connexion sera effac\u00e9.<\/p>\n<!-- \/wp:paragraph -->\n\n<!-- wp:paragraph -->\n<p>En modifiant ou en publiant une publication, un cookie suppl\u00e9mentaire sera enregistr\u00e9 dans votre navigateur. Ce cookie ne comprend aucune donn\u00e9e personnelle. Il indique simplement l\u2019ID de la publication que vous venez de modifier. Il expire au bout d\u2019un jour.<\/p>\n<!-- \/wp:paragraph -->\n\n<!-- wp:heading -->\n<h2>Contenu embarqu\u00e9 depuis d\u2019autres sites<\/h2>\n<!-- \/wp:heading -->\n\n<!-- wp:paragraph -->\n<p><strong class=\"privacy-policy-tutorial\">Texte sugg\u00e9r\u00e9&nbsp;: <\/strong>Les articles de ce site peuvent inclure des contenus int\u00e9gr\u00e9s (par exemple des vid\u00e9os, images, articles\u2026). Le contenu int\u00e9gr\u00e9 depuis d\u2019autres sites se comporte de la m\u00eame mani\u00e8re que si le visiteur se rendait sur cet autre site.<\/p>\n<!-- \/wp:paragraph -->\n\n<!-- wp:paragraph -->\n<p>Ces sites web pourraient collecter des donn\u00e9es sur vous, utiliser des cookies, embarquer des outils de suivis tiers, suivre vos interactions avec ces contenus embarqu\u00e9s si vous disposez d\u2019un compte connect\u00e9 sur leur site web.<\/p>\n<!-- \/wp:paragraph -->\n\n<!-- wp:heading -->\n<h2>Utilisation et transmission de vos donn\u00e9es personnelles<\/h2>\n<!-- \/wp:heading -->\n\n<!-- wp:paragraph -->\n<p><strong class=\"privacy-policy-tutorial\">Texte sugg\u00e9r\u00e9&nbsp;: <\/strong>Si vous demandez une r\u00e9initialisation de votre mot de passe, votre adresse IP sera incluse dans l\u2019e-mail de r\u00e9initialisation.<\/p>\n<!-- \/wp:paragraph -->\n\n<!-- wp:heading -->\n<h2>Dur\u00e9es de stockage de vos donn\u00e9es<\/h2>\n<!-- \/wp:heading -->\n\n<!-- wp:paragraph -->\n<p><strong class=\"privacy-policy-tutorial\">Texte sugg\u00e9r\u00e9&nbsp;: <\/strong>Si vous laissez un commentaire, le commentaire et ses m\u00e9tadonn\u00e9es sont conserv\u00e9s ind\u00e9finiment. Cela permet de reconna\u00eetre et approuver automatiquement les commentaires suivants au lieu de les laisser dans la file de mod\u00e9ration.<\/p>\n<!-- \/wp:paragraph -->\n\n<!-- wp:paragraph -->\n<p>Pour les comptes qui s\u2019inscrivent sur notre site (le cas \u00e9ch\u00e9ant), nous stockons \u00e9galement les donn\u00e9es personnelles indiqu\u00e9es dans leur profil. Tous les comptes peuvent voir, modifier ou supprimer leurs informations personnelles \u00e0 tout moment (\u00e0 l\u2019exception de leur identifiant). Les gestionnaires du site peuvent aussi voir et modifier ces informations.<\/p>\n<!-- \/wp:paragraph -->\n\n<!-- wp:heading -->\n<h2>Les droits que vous avez sur vos donn\u00e9es<\/h2>\n<!-- \/wp:heading -->\n\n<!-- wp:paragraph -->\n<p><strong class=\"privacy-policy-tutorial\">Texte sugg\u00e9r\u00e9&nbsp;: <\/strong>Si vous avez un compte ou si vous avez laiss\u00e9 des commentaires sur le site, vous pouvez demander \u00e0 recevoir un fichier contenant toutes les donn\u00e9es personnelles que nous poss\u00e9dons \u00e0 votre sujet, incluant celles que vous nous avez fournies. Vous pouvez \u00e9galement demander la suppression des donn\u00e9es personnelles vous concernant. Cela ne prend pas en compte les donn\u00e9es stock\u00e9es \u00e0 des fins administratives, l\u00e9gales ou pour des raisons de s\u00e9curit\u00e9.<\/p>\n<!-- \/wp:paragraph -->\n\n<!-- wp:heading -->\n<h2>Transmission de vos donn\u00e9es personnelles<\/h2>\n<!-- \/wp:heading -->\n\n<!-- wp:paragraph -->\n<p><strong class=\"privacy-policy-tutorial\">Texte sugg\u00e9r\u00e9&nbsp;: <\/strong>Les commentaires des visiteurs peuvent \u00eatre v\u00e9rifi\u00e9s \u00e0 l\u2019aide d\u2019un service automatis\u00e9 de d\u00e9tection des commentaires ind\u00e9sirables.<\/p>\n<!-- \/wp:paragraph -->","_et_gb_content_width":"","om_disable_all_campaigns":false,"_monsterinsights_skip_tracking":false,"_monsterinsights_sitenote_active":false,"_monsterinsights_sitenote_note":"","_monsterinsights_sitenote_category":0,"footnotes":""},"class_list":["post-3","page","type-page","status-publish","hentry"],"jetpack_sharing_enabled":true,"_links":{"self":[{"href":"https:\/\/floramessence.com\/index.php\/wp-json\/wp\/v2\/pages\/3","targetHints":{"allow":["GET"]}}],"collection":[{"href":"https:\/\/floramessence.com\/index.php\/wp-json\/wp\/v2\/pages"}],"about":[{"href":"https:\/\/floramessence.com\/index.php\/wp-json\/wp\/v2\/types\/page"}],"author":[{"embeddable":true,"href":"https:\/\/floramessence.com\/index.php\/wp-json\/wp\/v2\/users\/1"}],"replies":[{"embeddable":true,"href":"https:\/\/floramessence.com\/index.php\/wp-json\/wp\/v2\/comments?post=3"}],"version-history":[{"count":6,"href":"https:\/\/floramessence.com\/index.php\/wp-json\/wp\/v2\/pages\/3\/revisions"}],"predecessor-version":[{"id":726,"href":"https:\/\/floramessence.com\/index.php\/wp-json\/wp\/v2\/pages\/3\/revisions\/726"}],"wp:attachment":[{"href":"https:\/\/floramessence.com\/index.php\/wp-json\/wp\/v2\/media?parent=3"}],"curies":[{"name":"wp","href":"https:\/\/api.w.org\/{rel}","templated":true}]}}